{"id":44,"date":"2025-12-30T15:07:42","date_gmt":"2025-12-30T15:07:42","guid":{"rendered":"https:\/\/www.feestgarderobe.nl\/?page_id=44"},"modified":"2025-12-30T15:07:42","modified_gmt":"2025-12-30T15:07:42","slug":"leden","status":"publish","type":"page","link":"https:\/\/www.feestgarderobe.nl\/index.php\/leden\/","title":{"rendered":"Leden"},"content":{"rendered":"\n<h3 class=\"wp-block-heading\">Onze leden<\/h3>\n\n\n\n<p>Een club heeft uiteraard geen bestaansrecht zonder haar leden. Maar wie zijn nou eigenlijk onze leden?<\/p>\n\n\n\n<p>Het is een groep mensen die niet zomaar onder \u00e9\u00e9n specifieke doelgroep te benoemen valt. Wel is er \u00e9\u00e9n grote gemeenschappelijke deler, de Honda Deauville zelf. De meeste hebben er een of hebben er ooit een gehad, maar blijven er affiniteit mee hebben. Het is dus geen absolute voorwaarde dat je een Deauville in je bezit moet hebben om deel te mogen nemen aan onze activiteiten.<\/p>\n\n\n\n<p>Onze club heeft ruim 500 actieve forumleden en ongeveer 300 daarvan zijn clubleden. Het is een zeer gem\u00ealeerd publiek dat bestaat uit ervaren, maar ook minder ervaren&nbsp;motorrijd(st)ers. Hun samenzijn kenmerkt zich door een ongedwongen en gemoedelijke sfeer.<\/p>\n\n\n\n<p>De georganiseerde clubritten en het forum zijn het bindmiddel tussen de leden.<br>Naast de ritten wordt er onderling flink genetwerkt. Leden staan graag voor elkaar klaar en er heerst een grote onderlinge solidariteit.&nbsp;&nbsp;<\/p>\n\n\n\n<p>(Uitleg over het verschil tussen&nbsp;<a href=\"https:\/\/hondadeauvilleclub.nl\/lidmaatschap\/forum-en-hdc-leden\">Forumleden en HDC-leden<\/a>.)<\/p>\n","protected":false},"excerpt":{"rendered":"<p>Onze leden Een club heeft uiteraard geen bestaansrecht zonder haar leden. Maar wie zijn nou eigenlijk onze leden? Het is een groep mensen die niet zomaar onder \u00e9\u00e9n specifieke doelgroep te benoemen valt. Wel is er \u00e9\u00e9n grote gemeenschappelijke deler, de Honda Deauville zelf. De meeste hebben er een of hebben er ooit een gehad, [&hellip;]<\/p>\n","protected":false},"author":1,"featured_media":0,"parent":0,"menu_order":0,"comment_status":"closed","ping_status":"closed","template":"","meta":{"footnotes":""},"class_list":["post-44","page","type-page","status-publish","hentry"],"_links":{"self":[{"href":"https:\/\/www.feestgarderobe.nl\/index.php\/wp-json\/wp\/v2\/pages\/44","targetHints":{"allow":["GET"]}}],"collection":[{"href":"https:\/\/www.feestgarderobe.nl\/index.php\/wp-json\/wp\/v2\/pages"}],"about":[{"href":"https:\/\/www.feestgarderobe.nl\/index.php\/wp-json\/wp\/v2\/types\/page"}],"author":[{"embeddable":true,"href":"https:\/\/www.feestgarderobe.nl\/index.php\/wp-json\/wp\/v2\/users\/1"}],"replies":[{"embeddable":true,"href":"https:\/\/www.feestgarderobe.nl\/index.php\/wp-json\/wp\/v2\/comments?post=44"}],"version-history":[{"count":1,"href":"https:\/\/www.feestgarderobe.nl\/index.php\/wp-json\/wp\/v2\/pages\/44\/revisions"}],"predecessor-version":[{"id":45,"href":"https:\/\/www.feestgarderobe.nl\/index.php\/wp-json\/wp\/v2\/pages\/44\/revisions\/45"}],"wp:attachment":[{"href":"https:\/\/www.feestgarderobe.nl\/index.php\/wp-json\/wp\/v2\/media?parent=44"}],"curies":[{"name":"wp","href":"https:\/\/api.w.org\/{rel}","templated":true}]}}